{"id":32,"date":"2017-03-22T21:36:10","date_gmt":"2017-03-22T21:36:10","guid":{"rendered":"http:\/\/santodomingo.eventosapf.com\/info-util\/"},"modified":"2017-06-02T10:16:44","modified_gmt":"2017-06-02T13:16:44","slug":"useful-info","status":"publish","type":"page","link":"https:\/\/santodomingo.eventosapf.com\/es\/useful-info\/","title":{"rendered":"Info \u00fatil"},"content":{"rendered":"<h3>Video promocional<\/h3>\n<div class=\"responsive-map\">\n<p><iframe loading=\"lazy\" src=\"https:\/\/player.vimeo.com\/video\/216092333\" width=\"640\" height=\"480\" frameborder=\"0\" allowfullscreen=\"allowfullscreen\"><\/iframe><\/p>\n<\/div>\n<h2>\u00a0Information<\/h2>\n<p>[vision_accordion_set] [vision_accordion title=&#8221;Sobre Rep\u00fablica Dominicana&#8221; active=&#8221;no&#8221;]<\/p>\n<h2>Rep\u00fablica Dominicana<\/h2>\n<div class=\"responsive-map\"><iframe loading=\"lazy\" style=\"border: 0;\" src=\"https:\/\/www.google.com\/maps\/embed?pb=!1m18!1m12!1m3!1d3870179.708386737!2d-72.40950596432748!3d18.68765836487069!2m3!1f0!2f0!3f0!3m2!1i1024!2i768!4f13.1!3m3!1m2!1s0x8eaf8838def1b6f5%3A0xa6020f24060df7e0!2sRep%C3%BAblica+Dominicana!5e0!3m2!1ses!2sar!4v1492797312625\" width=\"600\" height=\"450\" frameborder=\"0\" allowfullscreen=\"allowfullscreen\"><\/iframe><\/div>\n<p>Situada en el coraz\u00f3n del Caribe, la Rep\u00fablica Dominicana est\u00e1 rodeada por el oc\u00e9ano Atl\u00e1ntico al norte y por el Mar Caribe al sur. Fue descubierta en 1492 por Crist\u00f3bal Col\u00f3n y es el segundo pa\u00eds m\u00e1s grande y m\u00e1s diverso del Caribe. Con vuelos directos desde las principales ciudades de Latinoam\u00e9rica, Estados Unidos, Canad\u00e1 y Europa, es un pa\u00eds que se destaca por el clima c\u00e1lido y la hospitalidad de su gente. Su poblaci\u00f3n asciende a 9.980.243 habitantes, seg\u00fan el \u00faltimo censo realizado en 2015. La capital del pa\u00eds es Santo Domingo. La Rep\u00fablica Dominicana es un destino sin igual, que cuenta con una naturaleza extraordinaria, una historia fascinante y una gran riqueza cultural.<\/p>\n<p><strong>Ubicaci\u00f3n y geograf\u00eda<\/strong><\/p>\n<p>La Rep\u00fablica Dominicana est\u00e1 situada en la parte oriental de La Espa\u00f1ola, una isla de la cual ocupa dos tercios y que comparte con la Rep\u00fablica de Hait\u00ed. Tiene una superficie de 48.442 kil\u00f3metros cuadrados (18.704 mi\u00b2).<\/p>\n<p><strong>Huso horario<\/strong><\/p>\n<p>La hora local corresponde a GMT -4, es decir, una hora por delante del tiempo est\u00e1ndar del Atl\u00e1ntico que rige los Estados Unidos durante el invierno.<\/p>\n<p><strong>Idioma<\/strong><\/p>\n<p>El espa\u00f1ol es el idioma oficial de la Rep\u00fablica Dominicana; sin embargo, en hoteles y destinos tur\u00edsticos, se suele hablar ingl\u00e9s, franc\u00e9s, alem\u00e1n e italiano.<\/p>\n<p><strong>Moneda<\/strong><\/p>\n<p>El peso dominicano (RD$) es la moneda oficial. Un peso equivale a USD 0,021. Las principales tarjetas de cr\u00e9dito son aceptadas en la mayor\u00eda de los lugares tur\u00edsticos, pero se recomienda consultar por adelantado si las aceptan en peque\u00f1os hoteles, restaurantes y tiendas.<\/p>\n<p>Los cajeros autom\u00e1ticos se encuentran en casi todas las ciudades de la Rep\u00fablica Dominicana, as\u00ed como en la mayor\u00eda de los centros tur\u00edsticos. Los supermercados y grandes centros comerciales tambi\u00e9n cuentan con cajeros autom\u00e1ticos que est\u00e1n disponibles hasta tarde.<\/p>\n<div style=\"margin-top: 30px;\" align=\"center\">\n<div style=\"margin: 0px; padding: 0px; border: 2px solid #888888; width: 135px; background-color: #ffffff;\" align=\"center\">\n<div style=\"width: 100%; border-bottom: 1px solid #888888; margin: 0px; padding: 0px; text-align: center; color: #000000; background-color: #a0c030;\" align=\"center\"><a style=\"text-decoration: none; font-size: 14px; font-weight: bold; text-align: center; color: #000000;\" href=\"https:\/\/fx-rate.net\/DOP\/\"><img decoding=\"async\" style=\"margin: 0px; padding: 0px; border: none;\" src=\"https:\/\/fx-rate.net\/images\/countries\/do.png\" \/> Dominican Peso Exchange Rate<\/a><\/div>\n<p><script type=\"text\/javascript\" src=\"https:\/\/fx-rate.net\/fx-rates2.php?label_name=Dominican Peso Exchange Rate&#038;lab=1&#038;width=135&#038;currency=DOP&#038;cp1_Hex=000000&#038;cp2_Hex=FFFFFF&#038;cp3_Hex=a0c030&#038;hbg=0&#038;flag_code=do&#038;length=long&#038;label_type=currency&#038;cp=000000,FFFFFF,a0c030&#038;lang=en\"><\/script><\/p>\n<\/div>\n<\/div>\n<p>&nbsp;<\/p>\n<p><strong>Clima<\/strong><\/p>\n<p>La Rep\u00fablica Dominicana goza de un clima tropical todo el a\u00f1o, con temperaturas medias que oscilan entre 19 \u00b0C y 34 \u00b0C (66 \u00b0F y 93 \u00b0F). Las temperaturas m\u00e1s bajas se dan entre noviembre y abril, y las m\u00e1s elevadas, entre mayo y octubre. Agosto es el mes m\u00e1s caluroso.<\/p>\n<table class=\"wp-list-table widefat fixed striped posts\">\n<tbody id=\"the-list\">\n<tr id=\"post-74\" class=\"iedit author-self level-0 post-74 type-astero status-publish hentry\">\n<td class=\"shortcode column-shortcode\" data-colname=\"Shortcode\">[astero id=&#8217;74&#8217;]<\/td>\n<\/tr>\n<\/tbody>\n<\/table>\n<p><strong>Electricidad<\/strong><\/p>\n<p>Al igual que en los Estados Unidos y Canad\u00e1, en la Rep\u00fablica Dominicana los tomacorrientes son de 110 voltios. Se recomienda a los visitantes de otros pa\u00edses traer sus propios adaptadores el\u00e9ctricos.<\/p>\n<p><img loading=\"lazy\" decoding=\"async\" class=\"alignnone size-medium wp-image-183\" src=\"http:\/\/santodomingo.eventosapf.com\/wp-content\/uploads\/2017\/03\/Outlet-300x110.png\" alt=\"\" width=\"300\" height=\"110\" srcset=\"https:\/\/santodomingo.eventosapf.com\/wp-content\/uploads\/2017\/03\/Outlet-300x110.png 300w, https:\/\/santodomingo.eventosapf.com\/wp-content\/uploads\/2017\/03\/Outlet-125x46.png 125w, https:\/\/santodomingo.eventosapf.com\/wp-content\/uploads\/2017\/03\/Outlet.png 589w\" sizes=\"auto, (max-width: 300px) 100vw, 300px\" \/><\/p>\n<p><strong>Propinas<\/strong><\/p>\n<p>La cuenta en los restaurantes ya incluye una propina del 10%; sin embargo, es costumbre dar un 10% adicional por un buen servicio. En general, no se da propina a los taxistas, pero si se desea recompensar un buen servicio, ser\u00e1 apreciada.<\/p>\n<p><strong>Pasaportes, tarjetas de turista, visa<\/strong><\/p>\n<p>Se requiere un pasaporte vigente. Es probable que necesite tambi\u00e9n una tarjeta de turista <strong>(US$ 10 o 10\u20ac)<\/strong> o una visa.<\/p>\n<p>Los extranjeros legalmente capaces de entrar a la Uni\u00f3n Europea, Gran Breta\u00f1a, Estados Unidos de Am\u00e9rica o Canad\u00e1 pueden entrar a Rep\u00fablica Dominicana con tan solo presentar una <strong>tarjeta de turista<\/strong>.<\/p>\n<p>La tarjeta de turista tiene una vigencia de un a\u00f1o a partir de la fecha de compra, y es v\u00e1lida para una visita de hasta 30 d\u00edas y podr\u00e1 utilizarla solo una vez. Puede ser adquirida en puntos de ventas en los puertos de entrada terrestres, a\u00e9reos o mar\u00edtimos del pa\u00eds (solo en efectivo); tambi\u00e9n en las embajadas dominicanas, en las oficinas consulares en el extranjero y a trav\u00e9s de las empresas operadoras de turismo. As\u00ed mismo se puede <strong>comprar en l\u00ednea<\/strong> en <a href=\"http:\/\/www.dgii.gov.do\/tarjetaTuristica\">www.dgii.gov.do\/tarjetaTuristica<\/a><\/p>\n<p>No necesitan visa ni tarjeta de turista los visitantes procedentes de: Argentina, Chile, Corea del Sur, Ecuador, Israel, Jap\u00f3n, Per\u00fa y Uruguay.<\/p>\n<p>De todos modos, se recomienda consultar en cada caso si se requiere visa o tarjeta de turista y cu\u00e1les son los requisitos para tramitarla <a href=\"http:\/\/www.consuladord.com\/contenidos.aspx?cid=82&amp;lang=ES\"><strong>AQUI<\/strong><\/a><\/p>\n<h4>Informaci\u00f3n sobre salud<\/h4>\n<p><strong>\u00a0<\/strong><strong>Vacunas<\/strong><\/p>\n<p>Para viajar a Rep\u00fablica Dominicana, no hay vacunas de aplicaci\u00f3n obligatoria. Sin embargo, existe una recomendaci\u00f3n respecto a la fiebre amarilla: el Ministerio de Salud P\u00fablica dominicano ha notificado recientemente que exige certificado de vacunaci\u00f3n a viajeros que provengan de zonas de riesgo, o se dirijan a ellas, especialmente Brasil debido a un brote reciente. Otras zonas de riesgo son Per\u00fa y Colombia, en Sudam\u00e9rica.<\/p>\n<p>Informaci\u00f3n adicional: Cuando una persona viaja desde un pa\u00eds donde la fiebre amarilla sea end\u00e9mica, los pa\u00edses que visite durante su itinerario pueden exigirle el Certificado Internacional de Vacunaci\u00f3n para poder ingresar; por lo tanto, algunas aerol\u00edneas tambi\u00e9n lo requieren para embarcar. Le recomendamos que antes de su viaje se comunique con las embajadas y consulados de los pa\u00edses que visitar\u00e1 y con las compa\u00f1\u00edas a\u00e9reas que aborde para chequear este requisito. Tenga en cuenta que, por Reglamento Sanitario Internacional, esta vacuna debe ser aplicada 10 d\u00edas antes de ingresar al pa\u00eds; por lo tanto, es aconsejable realizar estas consultas con anticipaci\u00f3n.<\/p>\n<p>Asimismo, recomendamos llevar en el equipaje repelente de insectos que contenga picaridina o DEET para evitar picaduras de mosquitos.<\/p>\n<p><sup>\u00a0<\/sup><sup>\u00a0<\/sup>[\/vision_accordion] [\/vision_accordion_set]<\/p>\n<p>[vision_accordion_set] [vision_accordion title=&#8221;Sobre Santo Domingo&#8221; active=&#8221;no&#8221;]<\/p>\n<h3>Santo Domingo<\/h3>\n<p>Santo Domingo tiene una poblaci\u00f3n de alrededor de tres millones de habitantes y es la ciudad m\u00e1s antigua del Nuevo Mundo. La Ciudad Colonial, reconocida por la UNESCO como Patrimonio de la Humanidad, es una cuadr\u00edcula de 16 peque\u00f1as calles adoquinadas repletas de joyas arquitect\u00f3nicas de los siglos XVI a XX. El visitante tambi\u00e9n puede encontrar numerosos museos, tiendas, hoteles, restaurantes y bares. Al salir del \u00e1rea colonial, se puede disfrutar de la exuberancia del Jard\u00edn Bot\u00e1nico o caminar hasta el Malec\u00f3n para apreciar la vista del Mar Caribe.<\/p>\n<p><strong>Aeropuerto<\/strong><\/p>\n<p>El Aeropuerto Internacional de Las Am\u00e9ricas (SDQ), tambi\u00e9n conocido como Aeropuerto Jos\u00e9 Francisco Pe\u00f1a G\u00f3mez, se encuentra a 30 minutos de viaje de Santo Domingo y muy cerca de las zonas tur\u00edsticas de Boca Chica y Juan Dolio. www.aerodom.com\/app\/do\/lasamericas.aspx<\/p>\n<p><strong>Sitios de inter\u00e9s<\/strong><\/p>\n<p><strong>Convento de los Dominicos<\/strong><\/p>\n<p>Es una construcci\u00f3n del siglo XVI donde funcion\u00f3 la primera universidad de Am\u00e9rica. En esa iglesia, Fray Ant\u00f3n de Montesinos se convirti\u00f3 en el primer defensor de los derechos humanos en Am\u00e9rica con su pr\u00e9dica p\u00fablica en contra de los abusos que sufr\u00edan los abor\u00edgenes ta\u00ednos. (Ciudad Colonial).<\/p>\n<p><strong>Parque Col\u00f3n<\/strong><\/p>\n<p>Ubicada al lado de la Catedral, esta plaza se encuentra rodeada de arquitectura colonial, republicana y moderna. En el centro de la plaza, junto a Anacaona, la hero\u00edna de los ta\u00ednos, se encuentra la estatua de Crist\u00f3bal Col\u00f3n. (Ciudad Colonial).<\/p>\n<p><strong>Parque Independencia<\/strong><\/p>\n<p>En el mausoleo de m\u00e1rmol blanco del Parque Independencia descansan los restos de los Padres de la Patria: Juan Pablo Duarte, Mat\u00edas Ram\u00f3n Mella y Francisco del Rosario S\u00e1nchez. El parque es tambi\u00e9n la mayor galer\u00eda de arte al aire libre de la ciudad. (Ciudad Colonial).<\/p>\n<p><strong>Malec\u00f3n<\/strong><\/p>\n<p>Este boulevard de 14,5 km (9 millas) se extiende a lo largo de la costa, frente al Mar Caribe. El Malec\u00f3n conduce hacia el puerto de cruceros en la avenida del Puerto y a la ciudad colonial.<\/p>\n<p><strong>Acuario Nacional<\/strong><\/p>\n<p>El Acuario Nacional posee un largo t\u00fanel submarino que permite la observaci\u00f3n de tiburones, y una zona para observar a los manat\u00edes.<\/p>\n<p><strong>Alc\u00e1zar de Col\u00f3n<\/strong><\/p>\n<p>Este palacio de estilo g\u00f3tico y renacentista fue construido alrededor del a\u00f1o 1512 por el hijo de Col\u00f3n y su esposa, Mar\u00eda de Toledo, sobrina del Rey de Espa\u00f1a. Es la residencia virreinal m\u00e1s antigua de Am\u00e9rica; de hecho, las expediciones a Am\u00e9rica y su conquista fueron planeadas desde aqu\u00ed. (Ciudad Colonial).<\/p>\n<p><strong>Museo Bellapart<\/strong><\/p>\n<p>Este museo privado exhibe una colecci\u00f3n de arte sobresaliente de maestros dominicanos famosos de los siglos XIX y XX. La muestra incluye las pinturas y esculturas de los grandes maestros espa\u00f1oles que llegaron como exiliados durante la dictadura franquista.<\/p>\n<p><strong>Museo de Arte Moderno<\/strong><\/p>\n<p>Aqu\u00ed se exhiben obras del mejor arte dominicano del siglo XX, as\u00ed como otras muestras temporales.<\/p>\n<p><strong>Museo del Hombre Dominicano<\/strong><\/p>\n<p>Este museo cuenta la historia de la isla, desde los d\u00edas de los ta\u00ednos hasta la \u00e9poca de los colonizadores espa\u00f1oles, e incluye informaci\u00f3n sobre la herencia africana de esta tierra.<\/p>\n<p><strong>Faro a Col\u00f3n<\/strong><\/p>\n<p>Se trata del lugar de reposo de los restos del famoso explorador europeo Crist\u00f3bal Col\u00f3n. El monumental museo tambi\u00e9n exhibe objetos hist\u00f3ricos de otras naciones. (Boulevard del Faro).<\/p>\n<p><strong>Museo de las Casas Reales<\/strong><\/p>\n<p>Este peque\u00f1o museo ofrece un panorama de la historia dominicana desde 1492 hasta su independencia de Espa\u00f1a, en 1821. En el siglo XVI, el palacio del gobernador general, la tesorer\u00eda y los tribunales de justicia funcionaban aqu\u00ed. (Ciudad Colonial).<\/p>\n<p><strong>Fortaleza Ozama<\/strong><\/p>\n<p>Fue la primera estructura militar permanente construida por los espa\u00f1oles en Am\u00e9rica, en los comienzos de la colonizaci\u00f3n, a principios del siglo XVI. En el centro se encuentran una torre de cinco pisos y una plataforma de vigilancia con una vista impresionante al r\u00edo Ozama. (Ciudad Colonial).<\/p>\n<p><strong>Catedral de Santo Domingo<\/strong><\/p>\n<p>Esta catedral es la primera de Am\u00e9rica y tiene m\u00e1s de 500 a\u00f1os. Est\u00e1 bien conservada e iluminada. Tiene un techo g\u00f3tico impresionante y pinturas al \u00f3leo del per\u00edodo colonial. (Ciudad Colonial).<\/p>\n<p><strong>Jard\u00edn Bot\u00e1nico Nacional<\/strong><\/p>\n<p>Sin duda, es el Jard\u00edn Bot\u00e1nico m\u00e1s grande y mejor cuidado de Centroam\u00e9rica y el Caribe. Tiene una extensi\u00f3n de 2 km\u00b2 (1 milla cuadrada) y es un para\u00edso de exuberancia tropical, ideal para largas caminatas. (Avenida Rep\u00fablica de Colombia).<\/p>\n<p><strong>Compras<\/strong><\/p>\n<p>El visitante puede encontrar una gran variedad de tiendas en las calles de la ciudad y en sus grandes y numerosos centros comerciales. Estos incluyen el Bella Vista Mall, \u00c1gora Mall, Acr\u00f3polis, Blue Mall, Galer\u00eda 360 y Sambil. Dentro de los art\u00edculos locales que pueden adquirirse est\u00e1n las prendas de dise\u00f1adores (incluidas las guayaberas), arte original, caf\u00e9, bombones de chocolate, dulces dominicanos, nueces de macadamia, carteras y cinturones de cuero, joyer\u00eda de \u00e1mbar y larimar, mu\u00f1ecas sin rostro, cerveza, ron y cigarros.<\/p>\n<p>La mayor colecci\u00f3n de souvenirs se encuentra en el Mercado Modelo, a poca distancia de la Ciudad Colonial. De jueves a domingos se venden artesan\u00edas en el parque ubicado en la esquina de las calles Padre Billini y Arzobispo Meri\u00f1o, en la Ciudad Colonial.<\/p>\n<p><strong>Vida nocturna<\/strong><\/p>\n<p>La mayor\u00eda de los centros nocturnos se encuentran en las avenidas Winston Churchill, Gustavo Mej\u00eda Ricart, Abraham Lincoln, Roberto Pastoriza, Sarasota, R\u00f3mulo Betancourt y Venezuela; en el Malec\u00f3n; y en muchas calles de la Ciudad Colonial. Los grandes hoteles tienen sus propios espacios musicales.<\/p>\n<p>Tambi\u00e9n hay bares y restaurantes en la Plaza Espa\u00f1a, ubicada frente al Alc\u00e1zar de Col\u00f3n.<\/p>\n<p><strong>Gastronom\u00eda<\/strong><\/p>\n<p>La mayor\u00eda de los restaurantes se concentran en el Pol\u00edgono Central (en las \u00e1reas de Naco y Piantini), incluidas las concurridas avenidas Gustavo Mej\u00eda Ricart y Winston Churchill, el Malec\u00f3n, el Barrio Chino y la Ciudad Colonial. Santo Domingo tiene m\u00e1s restaurantes que cualquier otra ciudad en el Caribe o Am\u00e9rica Central. Se sirven especialidades dominicanas, caribe\u00f1as, latinas, mexicanas, del Oriente Medio, escandinavas, francesas, alemanas, italianas, espa\u00f1olas, chinas, coreanas y japonesas, muchas de ellas preparadas con un toque dominicano y, por supuesto, con ingredientes frescos de la zona.<\/p>\n<p>Algunos restaurantes populares de comida dominicana en Santo Domingo son Adri\u00e1n Tropical, en el Malec\u00f3n; Mes\u00f3n de la Cava y El Hig\u00fcero, en el Parque Mirador del Sur; Cafeter\u00eda El Conde y Mes\u00f3n de Bari, en la Ciudad Colonial; y Cane, en Santo Domingo moderno.<\/p>\n<p><strong>Golf<\/strong><\/p>\n<p><strong>Isabel Villas Golf &amp; Country Club<\/strong><\/p>\n<p>Es un campo sencillo, con nueve hoyos par 3 que bordea el r\u00edo Isabela, junto a las zonas residenciales.<\/p>\n<p><strong>Santo Domingo Country Club<\/strong><\/p>\n<p>Fue construido en 1947 como el primer campo de golf de la Rep\u00fablica Dominicana. Es el club m\u00e1s exclusivo de la capital. Hay dos campos de golf: Senior (18 hoyos) y Los Robles (9 hoyos).<\/p>\n<p><strong>Cayacoa Golf Club<\/strong><\/p>\n<p>Situado a solo 15 minutos de viaje de la ciudad de Santo Domingo, este campo de 18 hoyos se extiende en un inmenso terreno ondulado, con exuberante vegetaci\u00f3n, junto a lagos cristalinos.<\/p>\n<p>&nbsp;<\/p>\n<p>[\/vision_accordion] [\/vision_accordion_set]<\/p>\n<p>[vision_accordion_set] [vision_accordion title=&#8221;Sobre el evento&#8221; active=&#8221;no&#8221;]<\/p>\n<h3>Informaci\u00f3n sobre el evento<\/h3>\n<p><strong>Vestimenta<\/strong><\/p>\n<p>Para las reuniones sociales programadas, se recomienda el uso de ropa informal elegante y no de tela de jean. No es necesario usar corbata.<\/p>\n<p><strong>Puntualidad<\/strong><\/p>\n<p>La puntualidad es un requisito imprescindible en todos los eventos del programa.<\/p>\n<p><strong>Distintivo\/Credencial<\/strong><\/p>\n<p>Para el ingreso a las salas donde se realizar\u00e1n las actividades acad\u00e9micas y sociales, ser\u00e1 imprescindible la presentaci\u00f3n del gafete o credencial de identificaci\u00f3n.<\/p>\n<p>[\/vision_accordion] [\/vision_accordion_set]<\/p>\n<h3>Galer\u00eda<\/h3>\n<p>[g-gallery gid=&#8221;147&#8243;]<\/p>\n","protected":false},"excerpt":{"rendered":"<p>Video promocional \u00a0Information [vision_accordion_set] [vision_accordion title=&#8221;Sobre Rep\u00fablica Dominicana&#8221; active=&#8221;no&#8221;] Rep\u00fablica Dominicana Situada en el coraz\u00f3n&#8230;<\/p>\n","protected":false},"author":1,"featured_media":0,"parent":0,"menu_order":0,"comment_status":"closed","ping_status":"closed","template":"template-full-width.php","meta":{"footnotes":""},"class_list":["post-32","page","type-page","status-publish","hentry"],"_links":{"self":[{"href":"https:\/\/santodomingo.eventosapf.com\/es\/wp-json\/wp\/v2\/pages\/32","targetHints":{"allow":["GET"]}}],"collection":[{"href":"https:\/\/santodomingo.eventosapf.com\/es\/wp-json\/wp\/v2\/pages"}],"about":[{"href":"https:\/\/santodomingo.eventosapf.com\/es\/wp-json\/wp\/v2\/types\/page"}],"author":[{"embeddable":true,"href":"https:\/\/santodomingo.eventosapf.com\/es\/wp-json\/wp\/v2\/users\/1"}],"replies":[{"embeddable":true,"href":"https:\/\/santodomingo.eventosapf.com\/es\/wp-json\/wp\/v2\/comments?post=32"}],"version-history":[{"count":14,"href":"https:\/\/santodomingo.eventosapf.com\/es\/wp-json\/wp\/v2\/pages\/32\/revisions"}],"predecessor-version":[{"id":374,"href":"https:\/\/santodomingo.eventosapf.com\/es\/wp-json\/wp\/v2\/pages\/32\/revisions\/374"}],"wp:attachment":[{"href":"https:\/\/santodomingo.eventosapf.com\/es\/wp-json\/wp\/v2\/media?parent=32"}],"curies":[{"name":"wp","href":"https:\/\/api.w.org\/{rel}","templated":true}]}}